{"id":50,"date":"2022-01-20T20:31:15","date_gmt":"2022-01-20T19:31:15","guid":{"rendered":"http:\/\/localhost:8080\/?page_id=50"},"modified":"2022-02-19T14:26:59","modified_gmt":"2022-02-19T13:26:59","slug":"kontakt","status":"publish","type":"page","link":"https:\/\/www.townside.de\/en\/kontakt\/","title":{"rendered":"Kontakt"},"content":{"rendered":"<p>Nicht das passende gefunden?<br \/>\nKontaktiere uns direkt per Email oder nutze unser Kontaktformular.<\/p>\n<p>Telefon 0421.78015<br \/>\nFax: 0421.704091<br \/>\neMail: info@townside.de<\/p>\n<p><strong>Anfragen<\/strong><br \/>\nSolltet ihr nicht im Besitz einer Kreditkarte sein, m\u00f6chtet eine Gruppenbuchung (\u00fcber 5 Personen) t\u00e4tigen oder habt noch eine Frage vor der Reservierung, dann nutzt bitte unser E-Mail-Kontaktformular!<\/p>\n<p>&nbsp;<\/p>\n<p>&nbsp;<\/p>\n<p class=\"p1\"><div class=\"wpforms-container \" id=\"wpforms-5\"><form id=\"wpforms-form-5\" class=\"wpforms-validate wpforms-form wpforms-ajax-form\" data-formid=\"5\" method=\"post\" enctype=\"multipart\/form-data\" action=\"\/en\/wp-json\/wp\/v2\/pages\/50\" data-token=\"26b8c663691ffb2297d6f117350533f2\" data-token-time=\"1777515212\"><noscript class=\"wpforms-error-noscript\">Please enable JavaScript in your browser to complete this form.<\/noscript><div class=\"wpforms-field-container\"><div id=\"wpforms-5-field_0-container\" class=\"wpforms-field wpforms-field-name\" data-field-id=\"0\"><label class=\"wpforms-field-label\" for=\"wpforms-5-field_0\">Name <span class=\"wpforms-required-label\">*<\/span><\/label><input type=\"text\" id=\"wpforms-5-field_0\" class=\"wpforms-field-large wpforms-field-required\" name=\"wpforms[fields][0]\" required><\/div><div id=\"wpforms-5-field_1-container\" class=\"wpforms-field wpforms-field-email\" data-field-id=\"1\"><label class=\"wpforms-field-label\" for=\"wpforms-5-field_1\">Email <span class=\"wpforms-required-label\">*<\/span><\/label><input type=\"email\" id=\"wpforms-5-field_1\" class=\"wpforms-field-large wpforms-field-required\" name=\"wpforms[fields][1]\" spellcheck=\"false\" required><\/div><div id=\"wpforms-5-field_2-container\" class=\"wpforms-field wpforms-field-textarea\" data-field-id=\"2\"><label class=\"wpforms-field-label\" for=\"wpforms-5-field_2\">Deine Nachricht <span class=\"wpforms-required-label\">*<\/span><\/label><textarea id=\"wpforms-5-field_2\" class=\"wpforms-field-medium wpforms-field-required\" name=\"wpforms[fields][2]\" required><\/textarea><\/div><\/div><!-- .wpforms-field-container --><div class=\"wpforms-submit-container\" ><input type=\"hidden\" name=\"wpforms[id]\" value=\"5\"><input type=\"hidden\" name=\"page_title\" value=\"\"><input type=\"hidden\" name=\"page_url\" value=\"https:\/\/www.townside.de\/en\/wp-json\/wp\/v2\/pages\/50\"><input type=\"hidden\" name=\"url_referer\" value=\"\"><button type=\"submit\" name=\"wpforms[submit]\" id=\"wpforms-submit-5\" class=\"wpforms-submit button\" data-alt-text=\"Absenden...\" data-submit-text=\"Absenden\" aria-live=\"assertive\" value=\"wpforms-submit\">Absenden<\/button><img loading=\"lazy\" decoding=\"async\" src=\"https:\/\/www.townside.de\/wp-content\/plugins\/wpforms\/assets\/images\/submit-spin.svg\" class=\"wpforms-submit-spinner\" style=\"display: none;\" width=\"26\" height=\"26\" alt=\"Loading\"><\/div><\/form><\/div>  <!-- .wpforms-container --><\/p>\n","protected":false},"excerpt":{"rendered":"<p>Nicht das passende gefunden? Kontaktiere uns direkt per Email oder nutze unser Kontaktformular. Telefon 0421.78015 Fax: 0421.704091 eMail: info@townside.de Anfragen Solltet ihr nicht im Besitz einer Kreditkarte sein, m\u00f6chtet eine Gruppenbuchung (\u00fcber 5 Personen) t\u00e4tigen oder habt noch eine Frage vor der Reservierung, dann nutzt bitte unser E-Mail-Kontaktformular! &nbsp; &nbsp;<\/p>\n","protected":false},"author":3,"featured_media":0,"parent":0,"menu_order":0,"comment_status":"closed","ping_status":"closed","template":"","meta":{"_acf_changed":false,"footnotes":""},"class_list":["post-50","page","type-page","status-publish","hentry"],"acf":[],"yoast_head":"<!-- This site is optimized with the Yoast SEO plugin v27.4 - https:\/\/yoast.com\/product\/yoast-seo-wordpress\/ -->\n<title>Kontakt - Townside Hostel<\/title>\n<meta name=\"robots\" content=\"index, follow, max-snippet:-1, max-image-preview:large, max-video-preview:-1\" \/>\n<link rel=\"canonical\" href=\"https:\/\/www.townside.de\/en\/kontakt\/\" \/>\n<meta property=\"og:locale\" content=\"en_US\" \/>\n<meta property=\"og:type\" content=\"article\" \/>\n<meta property=\"og:title\" content=\"Kontakt - Townside Hostel\" \/>\n<meta property=\"og:description\" content=\"Nicht das passende gefunden? Kontaktiere uns direkt per Email oder nutze unser Kontaktformular. Telefon 0421.78015 Fax: 0421.704091 eMail: info@townside.de Anfragen Solltet ihr nicht im Besitz einer Kreditkarte sein, m\u00f6chtet eine Gruppenbuchung (\u00fcber 5 Personen) t\u00e4tigen oder habt noch eine Frage vor der Reservierung, dann nutzt bitte unser E-Mail-Kontaktformular! &nbsp; &nbsp;\" \/>\n<meta property=\"og:url\" content=\"https:\/\/www.townside.de\/en\/kontakt\/\" \/>\n<meta property=\"og:site_name\" content=\"Townside Hostel\" \/>\n<meta property=\"article:modified_time\" content=\"2022-02-19T13:26:59+00:00\" \/>\n<meta name=\"twitter:card\" content=\"summary_large_image\" \/>\n<script type=\"application\/ld+json\" class=\"yoast-schema-graph\">{\"@context\":\"https:\\\/\\\/schema.org\",\"@graph\":[{\"@type\":\"WebPage\",\"@id\":\"https:\\\/\\\/www.townside.de\\\/en\\\/kontakt\\\/\",\"url\":\"https:\\\/\\\/www.townside.de\\\/en\\\/kontakt\\\/\",\"name\":\"Kontakt - Townside Hostel\",\"isPartOf\":{\"@id\":\"https:\\\/\\\/www.townside.de\\\/en\\\/#website\"},\"datePublished\":\"2022-01-20T19:31:15+00:00\",\"dateModified\":\"2022-02-19T13:26:59+00:00\",\"breadcrumb\":{\"@id\":\"https:\\\/\\\/www.townside.de\\\/en\\\/kontakt\\\/#breadcrumb\"},\"inLanguage\":\"en-US\",\"potentialAction\":[{\"@type\":\"ReadAction\",\"target\":[\"https:\\\/\\\/www.townside.de\\\/en\\\/kontakt\\\/\"]}]},{\"@type\":\"BreadcrumbList\",\"@id\":\"https:\\\/\\\/www.townside.de\\\/en\\\/kontakt\\\/#breadcrumb\",\"itemListElement\":[{\"@type\":\"ListItem\",\"position\":1,\"name\":\"Startseite\",\"item\":\"https:\\\/\\\/www.townside.de\\\/en\\\/\"},{\"@type\":\"ListItem\",\"position\":2,\"name\":\"Kontakt\"}]},{\"@type\":\"WebSite\",\"@id\":\"https:\\\/\\\/www.townside.de\\\/en\\\/#website\",\"url\":\"https:\\\/\\\/www.townside.de\\\/en\\\/\",\"name\":\"Townside Hostel\",\"description\":\"Fernweh, Liebe, Arbeit oder einfach Urlaub \u2013 egal, was Dich nach Bremen f\u00fchrt: Im Townside-Hostel bist du bestens aufgehoben.\",\"potentialAction\":[{\"@type\":\"SearchAction\",\"target\":{\"@type\":\"EntryPoint\",\"urlTemplate\":\"https:\\\/\\\/www.townside.de\\\/en\\\/?s={search_term_string}\"},\"query-input\":{\"@type\":\"PropertyValueSpecification\",\"valueRequired\":true,\"valueName\":\"search_term_string\"}}],\"inLanguage\":\"en-US\"}]}<\/script>\n<!-- \/ Yoast SEO plugin. -->","yoast_head_json":{"title":"Kontakt - Townside Hostel","robots":{"index":"index","follow":"follow","max-snippet":"max-snippet:-1","max-image-preview":"max-image-preview:large","max-video-preview":"max-video-preview:-1"},"canonical":"https:\/\/www.townside.de\/en\/kontakt\/","og_locale":"en_US","og_type":"article","og_title":"Kontakt - Townside Hostel","og_description":"Nicht das passende gefunden? Kontaktiere uns direkt per Email oder nutze unser Kontaktformular. Telefon 0421.78015 Fax: 0421.704091 eMail: info@townside.de Anfragen Solltet ihr nicht im Besitz einer Kreditkarte sein, m\u00f6chtet eine Gruppenbuchung (\u00fcber 5 Personen) t\u00e4tigen oder habt noch eine Frage vor der Reservierung, dann nutzt bitte unser E-Mail-Kontaktformular! &nbsp; &nbsp;","og_url":"https:\/\/www.townside.de\/en\/kontakt\/","og_site_name":"Townside Hostel","article_modified_time":"2022-02-19T13:26:59+00:00","twitter_card":"summary_large_image","schema":{"@context":"https:\/\/schema.org","@graph":[{"@type":"WebPage","@id":"https:\/\/www.townside.de\/en\/kontakt\/","url":"https:\/\/www.townside.de\/en\/kontakt\/","name":"Kontakt - Townside Hostel","isPartOf":{"@id":"https:\/\/www.townside.de\/en\/#website"},"datePublished":"2022-01-20T19:31:15+00:00","dateModified":"2022-02-19T13:26:59+00:00","breadcrumb":{"@id":"https:\/\/www.townside.de\/en\/kontakt\/#breadcrumb"},"inLanguage":"en-US","potentialAction":[{"@type":"ReadAction","target":["https:\/\/www.townside.de\/en\/kontakt\/"]}]},{"@type":"BreadcrumbList","@id":"https:\/\/www.townside.de\/en\/kontakt\/#breadcrumb","itemListElement":[{"@type":"ListItem","position":1,"name":"Startseite","item":"https:\/\/www.townside.de\/en\/"},{"@type":"ListItem","position":2,"name":"Kontakt"}]},{"@type":"WebSite","@id":"https:\/\/www.townside.de\/en\/#website","url":"https:\/\/www.townside.de\/en\/","name":"Townside Hostel","description":"Fernweh, Liebe, Arbeit oder einfach Urlaub \u2013 egal, was Dich nach Bremen f\u00fchrt: Im Townside-Hostel bist du bestens aufgehoben.","potentialAction":[{"@type":"SearchAction","target":{"@type":"EntryPoint","urlTemplate":"https:\/\/www.townside.de\/en\/?s={search_term_string}"},"query-input":{"@type":"PropertyValueSpecification","valueRequired":true,"valueName":"search_term_string"}}],"inLanguage":"en-US"}]}},"_links":{"self":[{"href":"https:\/\/www.townside.de\/en\/wp-json\/wp\/v2\/pages\/50","targetHints":{"allow":["GET"]}}],"collection":[{"href":"https:\/\/www.townside.de\/en\/wp-json\/wp\/v2\/pages"}],"about":[{"href":"https:\/\/www.townside.de\/en\/wp-json\/wp\/v2\/types\/page"}],"author":[{"embeddable":true,"href":"https:\/\/www.townside.de\/en\/wp-json\/wp\/v2\/users\/3"}],"replies":[{"embeddable":true,"href":"https:\/\/www.townside.de\/en\/wp-json\/wp\/v2\/comments?post=50"}],"version-history":[{"count":9,"href":"https:\/\/www.townside.de\/en\/wp-json\/wp\/v2\/pages\/50\/revisions"}],"predecessor-version":[{"id":498,"href":"https:\/\/www.townside.de\/en\/wp-json\/wp\/v2\/pages\/50\/revisions\/498"}],"wp:attachment":[{"href":"https:\/\/www.townside.de\/en\/wp-json\/wp\/v2\/media?parent=50"}],"curies":[{"name":"wp","href":"https:\/\/api.w.org\/{rel}","templated":true}]}}